{"id":636,"date":"2024-08-13T04:14:08","date_gmt":"2024-08-13T04:14:08","guid":{"rendered":"https:\/\/polisecuador.org\/?page_id=636"},"modified":"2025-06-23T00:07:26","modified_gmt":"2025-06-23T00:07:26","slug":"certificados","status":"publish","type":"page","link":"https:\/\/polisecuador.org\/en\/certificados\/","title":{"rendered":"Certificates"},"content":{"rendered":"<p>[et_pb_section fb_built=\u00bb1&#8243; _builder_version=\u00bb4.25.1&#8243; _module_preset=\u00bbdefault\u00bb da_disable_devices=\u00bboff|off|off\u00bb global_colors_info=\u00bb{}\u00bb da_is_popup=\u00bboff\u00bb da_exit_intent=\u00bboff\u00bb da_has_close=\u00bbon\u00bb da_alt_close=\u00bboff\u00bb da_dark_close=\u00bboff\u00bb da_not_modal=\u00bbon\u00bb da_is_singular=\u00bboff\u00bb da_with_loader=\u00bboff\u00bb da_has_shadow=\u00bbon\u00bb][et_pb_row _builder_version=\u00bb4.25.1&#8243; _module_preset=\u00bbdefault\u00bb custom_margin=\u00bb42px||||false|false\u00bb global_colors_info=\u00bb{}\u00bb][et_pb_column type=\u00bb4_4&#8243; _builder_version=\u00bb4.25.1&#8243; _module_preset=\u00bbdefault\u00bb global_colors_info=\u00bb{}\u00bb][et_pb_heading title=\u00bbValidar Certificaci\u00f3n\u00bb _builder_version=\u00bb4.27.4&#8243; _module_preset=\u00bbdefault\u00bb title_font=\u00bbRoboto Condensed|700||on|||||\u00bb title_text_align=\u00bbcenter\u00bb title_font_size=\u00bb49px\u00bb min_height=\u00bb23px\u00bb hover_enabled=\u00bb0&#8243; global_colors_info=\u00bb{}\u00bb sticky_enabled=\u00bb0&#8243;][\/et_pb_heading][et_pb_text _builder_version=\u00bb4.27.4&#8243; _module_preset=\u00bbdefault\u00bb custom_margin=\u00bb-26px|||||\u00bb hover_enabled=\u00bb0&#8243; global_colors_info=\u00bb{}\u00bb text_font=\u00bbLora||||||||\u00bb sticky_enabled=\u00bb0&#8243;]<\/p>\n<p>Puedes validar un certificado emitido por POLIS Academia de Formaci\u00f3n Pol\u00edtica mediante el c\u00f3digo de la cerificaci\u00f3n, o en caso de no tener c\u00f3digo con el numero de c\u00e9dula del poseedor del mismo.<\/p>\n<p>[\/et_pb_text][\/et_pb_column][\/et_pb_row][et_pb_row _builder_version=\u00bb4.25.1&#8243; _module_preset=\u00bbdefault\u00bb global_colors_info=\u00bb{}\u00bb][et_pb_column type=\u00bb4_4&#8243; _builder_version=\u00bb4.25.1&#8243; _module_preset=\u00bbdefault\u00bb global_colors_info=\u00bb{}\u00bb][et_pb_text _builder_version=\u00bb4.25.1&#8243; _module_preset=\u00bbdefault\u00bb global_colors_info=\u00bb{}\u00bb]<\/p>\n<div class=\"centered-content-stvc\"><span class=\"invalid-code\">Por favor ingresar un C\u00f3digo de Certificado v\u00e1lido<\/span><\/div><div class=\"centered-content-stvc\"><form method=\"post\"><input type=\"text\" id=\"codigomuestra\" name=\"codigomuestra\" class=\"regular-text\" placeholder=\"Ingrese el c\u00f3digo aqu\u00ed\" > <input type=\"submit\" class=\"button-primary\" value=\"Consultar\"><\/div>\n<p>[\/et_pb_text][\/et_pb_column][\/et_pb_row][\/et_pb_section]<\/p>\n<span class=\"et_bloom_bottom_trigger\"><\/span>","protected":false},"excerpt":{"rendered":"<p>Puedes validar un certificado emitido por POLIS Academia de Formaci\u00f3n Pol\u00edtica mediante el c\u00f3digo de la cerificaci\u00f3n, o en caso de no tener c\u00f3digo con el numero de c\u00e9dula del poseedor del mismo.<div class=\"centered-content-stvc\"><span class=\"invalid-code\">Por favor ingresar un C\u00f3digo de Certificado v\u00e1lido<\/span><\/div><div class=\"centered-content-stvc\"><form method=\"post\" action=\"\"><input type=\"text\" id=\"codigomuestra\" name=\"codigomuestra\" class=\"regular-text\" placeholder=\"Ingrese el c\u00f3digo aqu\u00ed\" > <input type=\"submit\" class=\"button-primary\" value=\"Consultar\"><input type=\"hidden\" name=\"trp-form-language\" value=\"en\"\/><\/div><\/p>","protected":false},"author":1,"featured_media":0,"parent":0,"menu_order":0,"comment_status":"closed","ping_status":"closed","template":"","meta":{"_acf_changed":false,"_et_pb_use_builder":"on","_et_pb_old_content":"","_et_gb_content_width":"","footnotes":""},"class_list":["post-636","page","type-page","status-publish","hentry"],"pp_statuses_selecting_workflow":false,"pp_workflow_action":"current","pp_status_selection":"publish","acf":[],"yoast_head":"<!-- This site is optimized with the Yoast SEO plugin v27.6 - https:\/\/yoast.com\/product\/yoast-seo-wordpress\/ -->\n<title>Certificados - Polis Ecuador<\/title>\n<meta name=\"robots\" content=\"index, follow, max-snippet:-1, max-image-preview:large, max-video-preview:-1\" \/>\n<link rel=\"canonical\" href=\"https:\/\/polisecuador.org\/en\/certificados\/\" \/>\n<meta property=\"og:locale\" content=\"en_US\" \/>\n<meta property=\"og:type\" content=\"article\" \/>\n<meta property=\"og:title\" content=\"Certificados - Polis Ecuador\" \/>\n<meta property=\"og:description\" content=\"Puedes validar un certificado emitido por POLIS Academia de Formaci\u00f3n Pol\u00edtica mediante el c\u00f3digo de la cerificaci\u00f3n, o en caso de no tener c\u00f3digo con el numero de c\u00e9dula del poseedor del mismo.\" \/>\n<meta property=\"og:url\" content=\"https:\/\/polisecuador.org\/en\/certificados\/\" \/>\n<meta property=\"og:site_name\" content=\"Polis Ecuador\" \/>\n<meta property=\"article:publisher\" content=\"https:\/\/www.facebook.com\/polisecuador\" \/>\n<meta property=\"article:modified_time\" content=\"2025-06-23T00:07:26+00:00\" \/>\n<meta property=\"og:image\" content=\"https:\/\/polisecuador.org\/wp-content\/uploads\/2024\/05\/Sin-titulo-2.png\" \/>\n\t<meta property=\"og:image:width\" content=\"1500\" \/>\n\t<meta property=\"og:image:height\" content=\"500\" \/>\n\t<meta property=\"og:image:type\" content=\"image\/png\" \/>\n<meta name=\"twitter:card\" content=\"summary_large_image\" \/>\n<meta name=\"twitter:site\" content=\"@polisecuador\" \/>\n<meta name=\"twitter:label1\" content=\"Est. reading time\" \/>\n\t<meta name=\"twitter:data1\" content=\"1 minute\" \/>\n<script type=\"application\/ld+json\" class=\"yoast-schema-graph\">{\"@context\":\"https:\\\/\\\/schema.org\",\"@graph\":[{\"@type\":\"WebPage\",\"@id\":\"https:\\\/\\\/polisecuador.org\\\/certificados\\\/\",\"url\":\"https:\\\/\\\/polisecuador.org\\\/certificados\\\/\",\"name\":\"Certificados - Polis Ecuador\",\"isPartOf\":{\"@id\":\"https:\\\/\\\/polisecuador.org\\\/#website\"},\"datePublished\":\"2024-08-13T04:14:08+00:00\",\"dateModified\":\"2025-06-23T00:07:26+00:00\",\"breadcrumb\":{\"@id\":\"https:\\\/\\\/polisecuador.org\\\/certificados\\\/#breadcrumb\"},\"inLanguage\":\"en-US\",\"potentialAction\":[{\"@type\":\"ReadAction\",\"target\":[\"https:\\\/\\\/polisecuador.org\\\/certificados\\\/\"]}]},{\"@type\":\"BreadcrumbList\",\"@id\":\"https:\\\/\\\/polisecuador.org\\\/certificados\\\/#breadcrumb\",\"itemListElement\":[{\"@type\":\"ListItem\",\"position\":1,\"name\":\"Portada\",\"item\":\"https:\\\/\\\/polisecuador.org\\\/\"},{\"@type\":\"ListItem\",\"position\":2,\"name\":\"Certificados\"}]},{\"@type\":\"WebSite\",\"@id\":\"https:\\\/\\\/polisecuador.org\\\/#website\",\"url\":\"https:\\\/\\\/polisecuador.org\\\/\",\"name\":\"Polis Ecuador\",\"description\":\"Academia de Formaci\u00f3n Pol\u00edtica\",\"publisher\":{\"@id\":\"https:\\\/\\\/polisecuador.org\\\/#organization\"},\"potentialAction\":[{\"@type\":\"SearchAction\",\"target\":{\"@type\":\"EntryPoint\",\"urlTemplate\":\"https:\\\/\\\/polisecuador.org\\\/?s={search_term_string}\"},\"query-input\":{\"@type\":\"PropertyValueSpecification\",\"valueRequired\":true,\"valueName\":\"search_term_string\"}}],\"inLanguage\":\"en-US\"},{\"@type\":\"Organization\",\"@id\":\"https:\\\/\\\/polisecuador.org\\\/#organization\",\"name\":\"Polis Ecuador\",\"url\":\"https:\\\/\\\/polisecuador.org\\\/\",\"logo\":{\"@type\":\"ImageObject\",\"inLanguage\":\"en-US\",\"@id\":\"https:\\\/\\\/polisecuador.org\\\/#\\\/schema\\\/logo\\\/image\\\/\",\"url\":\"https:\\\/\\\/polisecuador.org\\\/wp-content\\\/uploads\\\/2023\\\/04\\\/polis-web.svg\",\"contentUrl\":\"https:\\\/\\\/polisecuador.org\\\/wp-content\\\/uploads\\\/2023\\\/04\\\/polis-web.svg\",\"width\":1391.69,\"height\":754.13,\"caption\":\"Polis Ecuador\"},\"image\":{\"@id\":\"https:\\\/\\\/polisecuador.org\\\/#\\\/schema\\\/logo\\\/image\\\/\"},\"sameAs\":[\"https:\\\/\\\/www.facebook.com\\\/polisecuador\",\"https:\\\/\\\/x.com\\\/polisecuador\"]}]}<\/script>\n<!-- \/ Yoast SEO plugin. -->","yoast_head_json":{"title":"Certificados - Polis Ecuador","robots":{"index":"index","follow":"follow","max-snippet":"max-snippet:-1","max-image-preview":"max-image-preview:large","max-video-preview":"max-video-preview:-1"},"canonical":"https:\/\/polisecuador.org\/en\/certificados\/","og_locale":"en_US","og_type":"article","og_title":"Certificados - Polis Ecuador","og_description":"Puedes validar un certificado emitido por POLIS Academia de Formaci\u00f3n Pol\u00edtica mediante el c\u00f3digo de la cerificaci\u00f3n, o en caso de no tener c\u00f3digo con el numero de c\u00e9dula del poseedor del mismo.","og_url":"https:\/\/polisecuador.org\/en\/certificados\/","og_site_name":"Polis Ecuador","article_publisher":"https:\/\/www.facebook.com\/polisecuador","article_modified_time":"2025-06-23T00:07:26+00:00","og_image":[{"width":1500,"height":500,"url":"https:\/\/polisecuador.org\/wp-content\/uploads\/2024\/05\/Sin-titulo-2.png","type":"image\/png"}],"twitter_card":"summary_large_image","twitter_site":"@polisecuador","twitter_misc":{"Est. reading time":"1 minute"},"schema":{"@context":"https:\/\/schema.org","@graph":[{"@type":"WebPage","@id":"https:\/\/polisecuador.org\/certificados\/","url":"https:\/\/polisecuador.org\/certificados\/","name":"Certificados - Polis Ecuador","isPartOf":{"@id":"https:\/\/polisecuador.org\/#website"},"datePublished":"2024-08-13T04:14:08+00:00","dateModified":"2025-06-23T00:07:26+00:00","breadcrumb":{"@id":"https:\/\/polisecuador.org\/certificados\/#breadcrumb"},"inLanguage":"en-US","potentialAction":[{"@type":"ReadAction","target":["https:\/\/polisecuador.org\/certificados\/"]}]},{"@type":"BreadcrumbList","@id":"https:\/\/polisecuador.org\/certificados\/#breadcrumb","itemListElement":[{"@type":"ListItem","position":1,"name":"Portada","item":"https:\/\/polisecuador.org\/"},{"@type":"ListItem","position":2,"name":"Certificados"}]},{"@type":"WebSite","@id":"https:\/\/polisecuador.org\/#website","url":"https:\/\/polisecuador.org\/","name":"Polis Ecuador","description":"Academia de Formaci\u00f3n Pol\u00edtica","publisher":{"@id":"https:\/\/polisecuador.org\/#organization"},"potentialAction":[{"@type":"SearchAction","target":{"@type":"EntryPoint","urlTemplate":"https:\/\/polisecuador.org\/?s={search_term_string}"},"query-input":{"@type":"PropertyValueSpecification","valueRequired":true,"valueName":"search_term_string"}}],"inLanguage":"en-US"},{"@type":"Organization","@id":"https:\/\/polisecuador.org\/#organization","name":"Polis Ecuador","url":"https:\/\/polisecuador.org\/","logo":{"@type":"ImageObject","inLanguage":"en-US","@id":"https:\/\/polisecuador.org\/#\/schema\/logo\/image\/","url":"https:\/\/polisecuador.org\/wp-content\/uploads\/2023\/04\/polis-web.svg","contentUrl":"https:\/\/polisecuador.org\/wp-content\/uploads\/2023\/04\/polis-web.svg","width":1391.69,"height":754.13,"caption":"Polis Ecuador"},"image":{"@id":"https:\/\/polisecuador.org\/#\/schema\/logo\/image\/"},"sameAs":["https:\/\/www.facebook.com\/polisecuador","https:\/\/x.com\/polisecuador"]}]}},"_links":{"self":[{"href":"https:\/\/polisecuador.org\/en\/wp-json\/wp\/v2\/pages\/636","targetHints":{"allow":["GET"]}}],"collection":[{"href":"https:\/\/polisecuador.org\/en\/wp-json\/wp\/v2\/pages"}],"about":[{"href":"https:\/\/polisecuador.org\/en\/wp-json\/wp\/v2\/types\/page"}],"author":[{"embeddable":true,"href":"https:\/\/polisecuador.org\/en\/wp-json\/wp\/v2\/users\/1"}],"replies":[{"embeddable":true,"href":"https:\/\/polisecuador.org\/en\/wp-json\/wp\/v2\/comments?post=636"}],"version-history":[{"count":0,"href":"https:\/\/polisecuador.org\/en\/wp-json\/wp\/v2\/pages\/636\/revisions"}],"wp:attachment":[{"href":"https:\/\/polisecuador.org\/en\/wp-json\/wp\/v2\/media?parent=636"}],"curies":[{"name":"wp","href":"https:\/\/api.w.org\/{rel}","templated":true}]}}